{"id":8712,"date":"2018-04-16T12:19:42","date_gmt":"2018-04-16T12:19:42","guid":{"rendered":"http:\/\/ul3hzuits.preview.infomaniak.website\/?page_id=8712"},"modified":"2019-02-18T19:51:22","modified_gmt":"2019-02-18T18:51:22","slug":"about","status":"publish","type":"page","link":"https:\/\/lacabaneavoriaz.fr\/en\/about\/","title":{"rendered":"About Us"},"content":{"rendered":"<section class=\"vc_section dt_data_bully\"><div data-vc-full-width=\"true\" data-vc-full-width-init=\"false\" class=\"vc_row wpb_row vc_row-fluid\"><div class=\"wpb_column vc_column_container vc_col-sm-12\"><div class=\"vc_column-inner\" style=\" text-align:center; \"><div class=\"wpb_wrapper\"><div id=\"1523941593636-360759bb-db05\" class=\"dt-sc-empty-space\"><\/div><div class='dt-sc-title with-image with-sub-title aligncenter'><h4>La Cabane<\/h4><h2>REINVENTING<\/h2><\/div><blockquote class='type4  aligncenter' ><q>\nIdeally located in the heart of the resort, La Cabane 1800 is the place to go in Avoriaz.\nIn a cozy and chic setting, La Cabane makes you travel, touch the end of chopsticks Japan orchestrated by our Master sushi. A true moment of escape guaranteed!\nAt sunset, La Cabane 1800 comes alive with the rhythm of live music. La Cabane becomes the unique place dedicated to sharing and conviviality, La Cabane will transport you above the clouds.\nChoose emotion and discovery, you are expected!\n<\/q><cite>&ndash; La Cabane <span>Avoriaz<\/span><\/cite><\/blockquote><div id=\"1523942970678-d361be03-3aa5\" class=\"dt-sc-empty-space\"><\/div><div class=\"vc_row wpb_row vc_inner vc_row-fluid\"><div class=\"wpb_column vc_column_container vc_col-sm-6\"><div class=\"vc_column-inner\"><div class=\"wpb_wrapper\"><div class='dt-sc-image-flip'><img width=\"2000\" height=\"1333\" src=\"https:\/\/lacabaneavoriaz.fr\/wp-content\/uploads\/2019\/01\/452A7907-la-Cabane-Web.jpg\" class=\"attachment-full\" alt=\"\" loading=\"lazy\" srcset=\"https:\/\/lacabaneavoriaz.fr\/wp-content\/uploads\/2019\/01\/452A7907-la-Cabane-Web.jpg 2000w, https:\/\/lacabaneavoriaz.fr\/wp-content\/uploads\/2019\/01\/452A7907-la-Cabane-Web-300x200.jpg 300w, https:\/\/lacabaneavoriaz.fr\/wp-content\/uploads\/2019\/01\/452A7907-la-Cabane-Web-768x512.jpg 768w, https:\/\/lacabaneavoriaz.fr\/wp-content\/uploads\/2019\/01\/452A7907-la-Cabane-Web-1024x682.jpg 1024w, https:\/\/lacabaneavoriaz.fr\/wp-content\/uploads\/2019\/01\/452A7907-la-Cabane-Web-1080x720.jpg 1080w, https:\/\/lacabaneavoriaz.fr\/wp-content\/uploads\/2019\/01\/452A7907-la-Cabane-Web-750x500.jpg 750w, https:\/\/lacabaneavoriaz.fr\/wp-content\/uploads\/2019\/01\/452A7907-la-Cabane-Web-540x360.jpg 540w, https:\/\/lacabaneavoriaz.fr\/wp-content\/uploads\/2019\/01\/452A7907-la-Cabane-Web-600x400.jpg 600w, https:\/\/lacabaneavoriaz.fr\/wp-content\/uploads\/2019\/01\/452A7907-la-Cabane-Web-16x12.jpg 16w\" sizes=\"(max-width: 2000px) 100vw, 2000px\" \/><img width=\"2000\" height=\"1333\" src=\"https:\/\/lacabaneavoriaz.fr\/wp-content\/uploads\/2018\/12\/452A8098-la-Cabane-Web.jpg\" class=\"attachment-full\" alt=\"\" loading=\"lazy\" srcset=\"https:\/\/lacabaneavoriaz.fr\/wp-content\/uploads\/2018\/12\/452A8098-la-Cabane-Web.jpg 2000w, https:\/\/lacabaneavoriaz.fr\/wp-content\/uploads\/2018\/12\/452A8098-la-Cabane-Web-300x200.jpg 300w, https:\/\/lacabaneavoriaz.fr\/wp-content\/uploads\/2018\/12\/452A8098-la-Cabane-Web-768x512.jpg 768w, https:\/\/lacabaneavoriaz.fr\/wp-content\/uploads\/2018\/12\/452A8098-la-Cabane-Web-1024x682.jpg 1024w, https:\/\/lacabaneavoriaz.fr\/wp-content\/uploads\/2018\/12\/452A8098-la-Cabane-Web-1080x720.jpg 1080w, https:\/\/lacabaneavoriaz.fr\/wp-content\/uploads\/2018\/12\/452A8098-la-Cabane-Web-750x500.jpg 750w, https:\/\/lacabaneavoriaz.fr\/wp-content\/uploads\/2018\/12\/452A8098-la-Cabane-Web-540x360.jpg 540w, https:\/\/lacabaneavoriaz.fr\/wp-content\/uploads\/2018\/12\/452A8098-la-Cabane-Web-600x400.jpg 600w, https:\/\/lacabaneavoriaz.fr\/wp-content\/uploads\/2018\/12\/452A8098-la-Cabane-Web-16x12.jpg 16w\" sizes=\"(max-width: 2000px) 100vw, 2000px\" \/><\/div><\/div><\/div><\/div><div class=\"wpb_column vc_column_container vc_col-sm-6\"><div class=\"vc_column-inner\"><div class=\"wpb_wrapper\"><div class='dt-sc-image-flip'><img width=\"2000\" height=\"1333\" src=\"https:\/\/lacabaneavoriaz.fr\/wp-content\/uploads\/2018\/12\/452A7552-la-Cabane-Web.jpg\" class=\"attachment-full\" alt=\"\" loading=\"lazy\" srcset=\"https:\/\/lacabaneavoriaz.fr\/wp-content\/uploads\/2018\/12\/452A7552-la-Cabane-Web.jpg 2000w, https:\/\/lacabaneavoriaz.fr\/wp-content\/uploads\/2018\/12\/452A7552-la-Cabane-Web-300x200.jpg 300w, https:\/\/lacabaneavoriaz.fr\/wp-content\/uploads\/2018\/12\/452A7552-la-Cabane-Web-768x512.jpg 768w, https:\/\/lacabaneavoriaz.fr\/wp-content\/uploads\/2018\/12\/452A7552-la-Cabane-Web-1024x682.jpg 1024w, https:\/\/lacabaneavoriaz.fr\/wp-content\/uploads\/2018\/12\/452A7552-la-Cabane-Web-1080x720.jpg 1080w, https:\/\/lacabaneavoriaz.fr\/wp-content\/uploads\/2018\/12\/452A7552-la-Cabane-Web-750x500.jpg 750w, https:\/\/lacabaneavoriaz.fr\/wp-content\/uploads\/2018\/12\/452A7552-la-Cabane-Web-540x360.jpg 540w, https:\/\/lacabaneavoriaz.fr\/wp-content\/uploads\/2018\/12\/452A7552-la-Cabane-Web-600x400.jpg 600w, https:\/\/lacabaneavoriaz.fr\/wp-content\/uploads\/2018\/12\/452A7552-la-Cabane-Web-16x12.jpg 16w\" sizes=\"(max-width: 2000px) 100vw, 2000px\" \/><img width=\"2000\" height=\"1333\" src=\"https:\/\/lacabaneavoriaz.fr\/wp-content\/uploads\/2018\/12\/452A7692-la-Cabane-Web.jpg\" class=\"attachment-full\" alt=\"\" loading=\"lazy\" srcset=\"https:\/\/lacabaneavoriaz.fr\/wp-content\/uploads\/2018\/12\/452A7692-la-Cabane-Web.jpg 2000w, https:\/\/lacabaneavoriaz.fr\/wp-content\/uploads\/2018\/12\/452A7692-la-Cabane-Web-300x200.jpg 300w, https:\/\/lacabaneavoriaz.fr\/wp-content\/uploads\/2018\/12\/452A7692-la-Cabane-Web-768x512.jpg 768w, https:\/\/lacabaneavoriaz.fr\/wp-content\/uploads\/2018\/12\/452A7692-la-Cabane-Web-1024x682.jpg 1024w, https:\/\/lacabaneavoriaz.fr\/wp-content\/uploads\/2018\/12\/452A7692-la-Cabane-Web-1080x720.jpg 1080w, https:\/\/lacabaneavoriaz.fr\/wp-content\/uploads\/2018\/12\/452A7692-la-Cabane-Web-750x500.jpg 750w, https:\/\/lacabaneavoriaz.fr\/wp-content\/uploads\/2018\/12\/452A7692-la-Cabane-Web-540x360.jpg 540w, https:\/\/lacabaneavoriaz.fr\/wp-content\/uploads\/2018\/12\/452A7692-la-Cabane-Web-600x400.jpg 600w, https:\/\/lacabaneavoriaz.fr\/wp-content\/uploads\/2018\/12\/452A7692-la-Cabane-Web-16x12.jpg 16w\" sizes=\"(max-width: 2000px) 100vw, 2000px\" \/><\/div><\/div><\/div><\/div><\/div><div id=\"1523943052062-3a55af41-6d1c\" class=\"dt-sc-empty-space\"><\/div><\/div><\/div><\/div><\/div><div class=\"vc_row-full-width vc_clearfix\"><\/div><\/section><section class=\"vc_section dt_data_bully\"><div data-vc-full-width=\"true\" data-vc-full-width-init=\"false\" class=\"vc_row wpb_row vc_row-fluid dt-sc-dark-bg vc_custom_1523966739777 vc_row-has-fill\"><div class=\"wpb_column vc_column_container vc_col-sm-12\"><div class=\"vc_column-inner\"><div class=\"wpb_wrapper\"><div id=\"1523944812590-4f9fcf13-febd\" class=\"dt-sc-empty-space\"><\/div><div class='dt-sc-timeline-section dt-sc-vc-special'><div class='dt-sc-timeline alignright'><div class=\"dt-sc-timeline-content\"><div class=\"dt-sc-timeline-button\"><a class=\"dt-sc-button bordered\" href=\"#\" title=\"Begin Here\" target=\"_blank\">Begin Here<\/a><\/div><div class=\"dt-sc-timeline-image-wrapper\"><a href='#' title='' target='_self'><img width=\"640\" height=\"334\" src=\"https:\/\/lacabaneavoriaz.fr\/wp-content\/uploads\/2019\/02\/image001.jpg\" class=\"attachment-full\" alt=\"\" loading=\"lazy\" srcset=\"https:\/\/lacabaneavoriaz.fr\/wp-content\/uploads\/2019\/02\/image001.jpg 640w, https:\/\/lacabaneavoriaz.fr\/wp-content\/uploads\/2019\/02\/image001-300x157.jpg 300w, https:\/\/lacabaneavoriaz.fr\/wp-content\/uploads\/2019\/02\/image001-540x282.jpg 540w, https:\/\/lacabaneavoriaz.fr\/wp-content\/uploads\/2019\/02\/image001-600x313.jpg 600w\" sizes=\"(max-width: 640px) 100vw, 640px\" \/><\/a><div class=\"dt-sc-timeline-thumb-overlay\"><h5>Le Bistro<\/h5><\/div><\/div><div class=\"dt-sc-timeline-content-wrapper\"><h2>Bistro Avoriaz<\/h2><span>November 1982<\/span><p>Le Bistro is getting a new look.\nOne page turns, the Bistro's book closes, and gives way to a new story.\nOnce upon a time, La Cabane d'Avoriaz ...<\/p><\/div><\/div><\/div><div class='dt-sc-timeline'><div class=\"dt-sc-timeline-content\"><div class=\"dt-sc-timeline-image-wrapper\"><a href='#' title='' target='_self'><img width=\"1999\" height=\"1333\" src=\"https:\/\/lacabaneavoriaz.fr\/wp-content\/uploads\/2018\/12\/452A7541-la-Cabane-Web.jpg\" class=\"attachment-full\" alt=\"\" loading=\"lazy\" srcset=\"https:\/\/lacabaneavoriaz.fr\/wp-content\/uploads\/2018\/12\/452A7541-la-Cabane-Web.jpg 1999w, https:\/\/lacabaneavoriaz.fr\/wp-content\/uploads\/2018\/12\/452A7541-la-Cabane-Web-300x200.jpg 300w, https:\/\/lacabaneavoriaz.fr\/wp-content\/uploads\/2018\/12\/452A7541-la-Cabane-Web-768x512.jpg 768w, https:\/\/lacabaneavoriaz.fr\/wp-content\/uploads\/2018\/12\/452A7541-la-Cabane-Web-1024x683.jpg 1024w, https:\/\/lacabaneavoriaz.fr\/wp-content\/uploads\/2018\/12\/452A7541-la-Cabane-Web-1080x720.jpg 1080w, https:\/\/lacabaneavoriaz.fr\/wp-content\/uploads\/2018\/12\/452A7541-la-Cabane-Web-750x500.jpg 750w, https:\/\/lacabaneavoriaz.fr\/wp-content\/uploads\/2018\/12\/452A7541-la-Cabane-Web-540x360.jpg 540w, https:\/\/lacabaneavoriaz.fr\/wp-content\/uploads\/2018\/12\/452A7541-la-Cabane-Web-600x400.jpg 600w, https:\/\/lacabaneavoriaz.fr\/wp-content\/uploads\/2018\/12\/452A7541-la-Cabane-Web-16x12.jpg 16w\" sizes=\"(max-width: 1999px) 100vw, 1999px\" \/><\/a><div class=\"dt-sc-timeline-thumb-overlay\"><h5>La Cabane<\/h5><\/div><\/div><div class=\"dt-sc-timeline-content-wrapper\"><h2>La Cabane Avoriaz<\/h2><span>December 2018<\/span><p>In December 2018, La Cabane opens its doors with a mountain restaurant. We wanted to bring animation to this establishment by organizing regular events.\nWarning ! The cabin can be transformed at any time!<\/p><\/div><\/div><\/div><\/div><div id=\"1523944831315-da14a59e-ff59\" class=\"dt-sc-empty-space\"><\/div><\/div><\/div><\/div><\/div><div class=\"vc_row-full-width vc_clearfix\"><\/div><\/section><section class=\"vc_section dt_data_bully\"><div data-vc-full-width=\"true\" data-vc-full-width-init=\"false\" class=\"vc_row wpb_row vc_row-fluid dt-sc-dark-bg\"><div class=\"wpb_column vc_column_container vc_col-sm-12\"><div class=\"vc_column-inner\" style=\" text-align:center; \"><div class=\"wpb_wrapper\"><div id=\"1546126578742-bf7f9be9-1cc0\" class=\"dt-sc-empty-space\"><\/div><\/div><\/div><\/div><\/div><div class=\"vc_row-full-width vc_clearfix\"><\/div><!-- Row Backgrounds --><div class=\"upb_bg_img\" data-ultimate-bg=\"url(https:\/\/lacabaneavoriaz.fr\/wp-content\/uploads\/2018\/12\/recardrer-1.jpg)\" data-image-id=\"id^13961|url^http:\/\/www.lacabaneavoriaz.fr\/wp-content\/uploads\/2018\/12\/recardrer-1.jpg|caption^null|alt^null|title^recardrer 1|description^null\" data-ultimate-bg-style=\"vcpb-vz-jquery\" data-bg-img-repeat=\"repeat\" data-bg-img-size=\"cover\" data-bg-img-position=\"\" data-parallx_sense=\"30\" data-bg-override=\"ex-full\" data-bg_img_attach=\"scroll\" data-upb-overlay-color=\"rgba(0,0,0,0.3)\" data-upb-bg-animation=\"\" data-fadeout=\"fadeout_row_value\" data-bg-animation=\"left-animation\" data-bg-animation-type=\"h\" data-animation-repeat=\"repeat\" data-fadeout-percentage=\"60\" data-parallax-content=\"\" data-parallax-content-sense=\"30\" data-row-effect-mobile-disable=\"true\" data-img-parallax-mobile-disable=\"true\" data-rtl=\"false\"  data-custom-vc-row=\"\"  data-vc=\"5.5.5\"  data-is_old_vc=\"\"  data-theme-support=\"\"   data-overlay=\"true\" data-overlay-color=\"rgba(0,0,0,0.3)\" data-overlay-pattern=\"\" data-overlay-pattern-opacity=\"0.8\" data-overlay-pattern-size=\"\" data-overlay-pattern-attachment=\"scroll\"    ><\/div><\/section>","protected":false},"excerpt":{"rendered":"La CabaneSE R\u00c9INVENTE Id\u00e9alement situ\u00e9 en plein c\u0153ur de la station, La Cabane 1800 c'est l\u2019adresse incontournable d\u2019Avoriaz. Dans un cadre cosy et chic,\u00a0La Cabane vous fait voyager, touchez du bout des baguettes le Japon orchestr\u00e9 par notre Ma\u00eetre sushi.\u00a0Un vrai moment d\u2019\u00e9vasion garanti ! Au coucher du soleil, La Cabane 1800 s\u2019anime au rythme [...]","protected":false},"author":1,"featured_media":0,"parent":0,"menu_order":0,"comment_status":"closed","ping_status":"closed","template":"","meta":{"om_disable_all_campaigns":false},"_links":{"self":[{"href":"https:\/\/lacabaneavoriaz.fr\/en\/wp-json\/wp\/v2\/pages\/8712"}],"collection":[{"href":"https:\/\/lacabaneavoriaz.fr\/en\/wp-json\/wp\/v2\/pages"}],"about":[{"href":"https:\/\/lacabaneavoriaz.fr\/en\/wp-json\/wp\/v2\/types\/page"}],"author":[{"embeddable":true,"href":"https:\/\/lacabaneavoriaz.fr\/en\/wp-json\/wp\/v2\/users\/1"}],"replies":[{"embeddable":true,"href":"https:\/\/lacabaneavoriaz.fr\/en\/wp-json\/wp\/v2\/comments?post=8712"}],"version-history":[{"count":27,"href":"https:\/\/lacabaneavoriaz.fr\/en\/wp-json\/wp\/v2\/pages\/8712\/revisions"}],"predecessor-version":[{"id":14212,"href":"https:\/\/lacabaneavoriaz.fr\/en\/wp-json\/wp\/v2\/pages\/8712\/revisions\/14212"}],"wp:attachment":[{"href":"https:\/\/lacabaneavoriaz.fr\/en\/wp-json\/wp\/v2\/media?parent=8712"}],"curies":[{"name":"wp","href":"https:\/\/api.w.org\/{rel}","templated":true}]}}