{"id":14,"date":"2018-04-13T04:56:44","date_gmt":"2018-04-13T04:56:44","guid":{"rendered":"http:\/\/ul3hzuits.preview.infomaniak.website\/?page_id=14"},"modified":"2026-03-30T08:55:04","modified_gmt":"2026-03-30T06:55:04","slug":"home","status":"publish","type":"page","link":"https:\/\/lacabaneavoriaz.fr\/en","title":{"rendered":"Home"},"content":{"rendered":"<section class=\"vc_section dt_data_bully\"><div class=\"vc_row wpb_row vc_row-fluid\"><div class=\"wpb_column vc_column_container vc_col-sm-12\"><div class=\"vc_column-inner\"><div class=\"wpb_wrapper\"><div class=\"vc_row wpb_row vc_inner vc_row-fluid vc_row-o-content-middle vc_row-flex\"><div class=\"rs_col-sm-12 wpb_column vc_column_container vc_col-sm-6 vc_col-lg-6 vc_col-md-12\"  style=\" text-align:center; \"><div class=\"vc_column-inner\"><div class=\"wpb_wrapper\"><div class='dt-sc-title with-image with-sub-title aligncenter'><h4>The day<\/h4><h2>OUR CONCEPT<\/h2><p><img width=\"43\" height=\"43\" src=\"https:\/\/lacabaneavoriaz.fr\/wp-content\/uploads\/2018\/04\/flower-decor.png\" class=\"attachment-full\" alt=\"flower-decor\" loading=\"lazy\" \/><\/p><\/div>\r\n\t<div class=\"wpb_text_column wpb_content_element\" >\r\n\t\t<div class=\"wpb_wrapper\">\r\n\t\t\t<p>La Cabane perch\u00e9e \u00e0 1800 m\u00e8tres d\u2019altitude, ski aux pieds au dessus des nuages\u2026.La Cabane \u00a0bouleverse les codes et s\u2019impose avec son univers unique. Lieu de lumi\u00e8re avec une atmosph\u00e8re cosy, un d\u00e9cor montagne moderne dans une ambiance d\u00e9contract\u00e9e o\u00f9 le bien-\u00eatre et la convivialit\u00e9 sont toujours au rendez-vous. La Cabane r\u00e9invente l\u2019esprit festif et la gastronomie en altitude. Orchestr\u00e9 par une \u00e9quipe dynamique et attentive, vivez une exp\u00e9rience unique en plein centre d\u2019Avoriaz.<\/p>\n\r\n\t\t<\/div>\r\n\t<\/div>\r\n<a href='https:\/\/lacabaneavoriaz.fr\/en\/about\/' target='_self' title='' class='dt-sc-button   medium   filled' > Learn More <\/a><\/div><\/div><\/div><div class=\"rs_col-sm-12 wpb_column vc_column_container vc_col-sm-6 vc_col-lg-6 vc_col-md-12\"><div class=\"vc_column-inner\"><div class=\"wpb_wrapper\"><div class='dt-sc-image-border leftspace' style='background-image: url(\"https:\/\/lacabaneavoriaz.fr\/wp-content\/uploads\/2018\/12\/452A7609-la-Cabane-Web.jpg\");'><img src='https:\/\/lacabaneavoriaz.fr\/wp-content\/uploads\/2018\/12\/452A7609-la-Cabane-Web.jpg' class='dt-sc-main-image' alt='img' \/><\/div><\/div><\/div><\/div><\/div><div id=\"1524468969139-86b8bfe4-d65c\" class=\"dt-sc-empty-space\"><\/div><div class=\"vc_row wpb_row vc_inner vc_row-fluid vc_row-o-content-middle vc_row-flex\"><div class=\"rs_col-sm-12 wpb_column vc_column_container vc_col-sm-6 vc_col-lg-6 vc_col-md-12\"><div class=\"vc_column-inner\"><div class=\"wpb_wrapper\"><div class='dt-sc-image-border' style='background-image: url(\"https:\/\/lacabaneavoriaz.fr\/wp-content\/uploads\/2019\/01\/452A8078-la-Cabane-Web.jpg\");'><img src='https:\/\/lacabaneavoriaz.fr\/wp-content\/uploads\/2019\/01\/452A8078-la-Cabane-Web.jpg' class='dt-sc-main-image' alt='img' \/><\/div><\/div><\/div><\/div><div class=\"rs_col-sm-12 wpb_column vc_column_container vc_col-sm-6 vc_col-lg-6 vc_col-md-12\"  style=\" text-align:center; \"><div class=\"vc_column-inner\"><div class=\"wpb_wrapper\"><div class='dt-sc-title with-image with-sub-title aligncenter'><h4>The evening<\/h4><h2>OUR CONCEPT<\/h2><p><img width=\"43\" height=\"43\" src=\"https:\/\/lacabaneavoriaz.fr\/wp-content\/uploads\/2018\/04\/flower-decor.png\" class=\"attachment-full\" alt=\"flower-decor\" loading=\"lazy\" \/><\/p><\/div>\r\n\t<div class=\"wpb_text_column wpb_content_element\" >\r\n\t\t<div class=\"wpb_wrapper\">\r\n\t\t\t<div>\n<div>Full of surprises, LA CABANE offers you an incredible experience.<\/div>\n<div>A neat map of spirits, liqueurs and a selection of exceptional wines and champagnes to discover around a bar that cultivates a trendy and warm spirit during the day and sparkling at night.<\/div>\n<\/div>\n<div>\n<div>At 7:30 pm, LA CABANE BAR raises the art of cocktails to its highest level. Our bartender chef interprets the great classic cocktails or signature cocktails BY LA CABANE in a musical atmosphere.<\/div>\n<\/div>\n\r\n\t\t<\/div>\r\n\t<\/div>\r\n<a href='https:\/\/lacabaneavoriaz.fr\/en\/about\/' target='_self' title='' class='dt-sc-button   medium   filled' > Learn More <\/a><\/div><\/div><\/div><\/div><div id=\"1523610614821-afdd0a1e-2c1d\" class=\"dt-sc-empty-space\"><\/div><\/div><\/div><\/div><\/div><\/section><div data-vc-full-width=\"true\" data-vc-full-width-init=\"false\" class=\"vc_row wpb_row vc_row-fluid dt-sc-dark-bg\"><div class=\"wpb_column vc_column_container vc_col-sm-12\"><div class=\"vc_column-inner\" style=\" text-align:center; \"><div class=\"wpb_wrapper\"><div id=\"1523619906108-5d9eed2d-e4aa\" class=\"dt-sc-empty-space\"><\/div><div class='dt-sc-title script-with-sub-title'><h3>Above the clouds<\/h3><h4><\/h4><\/div><a href='https:\/\/lacabaneavoriaz.fr\/wp-content\/uploads\/2026\/03\/Menu_Cabane-30-mar-2026.pdf' target='_self' title='' class='dt-sc-button   large   filled' > Menu <\/a><div id=\"1523619920293-7b460618-39a1\" class=\"dt-sc-empty-space\"><\/div><\/div><\/div><\/div><\/div><div class=\"vc_row-full-width vc_clearfix\"><\/div><!-- Row Backgrounds --><div class=\"upb_bg_img\" data-ultimate-bg=\"url(https:\/\/lacabaneavoriaz.fr\/wp-content\/uploads\/2019\/02\/Attachment-1.jpeg)\" data-image-id=\"id^14208|url^https:\/\/www.lacabaneavoriaz.fr\/wp-content\/uploads\/2019\/02\/Attachment-1.jpeg|caption^null|alt^null|title^Attachment-1|description^null\" data-ultimate-bg-style=\"vcpb-vz-jquery\" data-bg-img-repeat=\"no-repeat\" data-bg-img-size=\"cover\" data-bg-img-position=\"\" data-parallx_sense=\"30\" data-bg-override=\"ex-full\" data-bg_img_attach=\"scroll\" data-upb-overlay-color=\"\" data-upb-bg-animation=\"\" data-fadeout=\"fadeout_row_value\" data-bg-animation=\"left-animation\" data-bg-animation-type=\"h\" data-animation-repeat=\"repeat\" data-fadeout-percentage=\"60\" data-parallax-content=\"\" data-parallax-content-sense=\"30\" data-row-effect-mobile-disable=\"true\" data-img-parallax-mobile-disable=\"true\" data-rtl=\"false\"  data-custom-vc-row=\"\"  data-vc=\"5.5.5\"  data-is_old_vc=\"\"  data-theme-support=\"\"   data-overlay=\"false\" data-overlay-color=\"\" data-overlay-pattern=\"\" data-overlay-pattern-opacity=\"\" data-overlay-pattern-size=\"\"    ><\/div><section class=\"vc_section dt_data_bully\"><div class=\"vc_row wpb_row vc_row-fluid\"><div class=\"wpb_column vc_column_container vc_col-sm-12\"><div class=\"vc_column-inner\"><div class=\"wpb_wrapper\"><div id=\"1533365800151-09e7b43f-c7d1\" class=\"dt-sc-empty-space\"><\/div><div class='dt-sc-title with-image with-sub-title aligncenter'><h4>La Cabane<\/h4><h5>WAKE UP YOUR BUTTERFLIES<\/h5><\/div><div id=\"1533543557978-ed7018ea-2bd9\" class=\"dt-sc-empty-space\"><\/div><\/div><\/div><\/div><\/div><div class=\"vc_row wpb_row vc_row-fluid vc_row-o-content-middle vc_row-flex\"><div class=\"rs_col-sm-6 wpb_column vc_column_container vc_col-sm-4 vc_col-lg-4 vc_col-md-6\"><div class=\"vc_column-inner\"><div class=\"wpb_wrapper\"><div class='dt-sc-icon-box type1'><div class=\"icon-wrapper\"><img width=\"53\" height=\"53\" src=\"https:\/\/lacabaneavoriaz.fr\/wp-content\/uploads\/2018\/08\/ico-1.png\" class=\"attachment-full\" alt=\"\" loading=\"lazy\" \/><\/div><div class=\"icon-content\"><h4>At table<\/h4><p>For the Chef of the Restaurant, there is no good cooking without quality products. That's why he chooses all his products himself.<\/p><\/div><span class='large-icon'><img width=\"53\" height=\"53\" src=\"https:\/\/lacabaneavoriaz.fr\/wp-content\/uploads\/2018\/08\/ico-1.png\" class=\"attachment-full\" alt=\"\" loading=\"lazy\" \/><\/span><\/div><\/div><\/div><\/div><div class=\"wpb_column vc_column_container vc_col-sm-4\"><div class=\"vc_column-inner\"><div class=\"wpb_wrapper\"><div class='dt-sc-icon-box type1'><div class=\"icon-wrapper\"><img width=\"53\" height=\"53\" src=\"https:\/\/lacabaneavoriaz.fr\/wp-content\/uploads\/2018\/08\/ico-2.png\" class=\"attachment-full\" alt=\"\" loading=\"lazy\" \/><\/div><div class=\"icon-content\"><h4>Cocktails<\/h4><p><div>Our bartender chef interprets the great classic cocktails or signature cocktails BY LA CABANE in a musical atmosphere.<\/div><\/div><span class='large-icon'><img width=\"53\" height=\"53\" src=\"https:\/\/lacabaneavoriaz.fr\/wp-content\/uploads\/2018\/08\/ico-2.png\" class=\"attachment-full\" alt=\"\" loading=\"lazy\" \/><\/span><\/div><\/div><\/div><\/div><div class=\"wpb_column vc_column_container vc_col-sm-4\"><div class=\"vc_column-inner\"><div class=\"wpb_wrapper\"><div class='dt-sc-icon-box type1'><div class=\"icon-wrapper\"><img width=\"53\" height=\"53\" src=\"https:\/\/lacabaneavoriaz.fr\/wp-content\/uploads\/2019\/01\/sushi.png\" class=\"attachment-full\" alt=\"\" loading=\"lazy\" \/><\/div><div class=\"icon-content\"><h4>Sushis<\/h4><p><div>A veritable Japanese expert in the art of sushi, Maitre HOU introduces you to the best sushi, sashimi from Avoriaz.<\/div>\n<div>A true moment of escape guaranteed.<\/div><\/div><span class='large-icon'><img width=\"53\" height=\"53\" src=\"https:\/\/lacabaneavoriaz.fr\/wp-content\/uploads\/2019\/01\/sushi.png\" class=\"attachment-full\" alt=\"\" loading=\"lazy\" \/><\/span><\/div><\/div><\/div><\/div><\/div><\/section><div data-vc-full-width=\"true\" data-vc-full-width-init=\"false\" class=\"vc_row wpb_row vc_row-fluid dt-sc-dark-bg\"><div class=\"wpb_column vc_column_container vc_col-sm-12\"><div class=\"vc_column-inner\" style=\" text-align:center; \"><div class=\"wpb_wrapper\"><div id=\"1524468645695-b43498aa-1906\" class=\"dt-sc-empty-space\"><\/div><div id=\"1524468645902-bec76402-a641\" class=\"dt-sc-empty-space\"><\/div><div id=\"1546026627143-bbd8051b-e05a\" class=\"dt-sc-empty-space\"><\/div><div id=\"1546026625862-45549aa3-0144\" class=\"dt-sc-empty-space\"><\/div><\/div><\/div><\/div><\/div><div class=\"vc_row-full-width vc_clearfix\"><\/div><!-- Row Backgrounds --><div class=\"upb_bg_img\" data-ultimate-bg=\"url(https:\/\/lacabaneavoriaz.fr\/wp-content\/uploads\/2019\/01\/452A8031-la-Cabane-Web.jpg)\" data-image-id=\"id^14056|url^http:\/\/www.lacabaneavoriaz.fr\/wp-content\/uploads\/2019\/01\/452A8031-la-Cabane-Web.jpg|caption^null|alt^null|title^452A8031-la-Cabane-Web|description^null\" data-ultimate-bg-style=\"vcpb-vz-jquery\" data-bg-img-repeat=\"repeat\" data-bg-img-size=\"cover\" data-bg-img-position=\"\" data-parallx_sense=\"30\" data-bg-override=\"ex-full\" data-bg_img_attach=\"scroll\" data-upb-overlay-color=\"rgba(0,0,0,0.7)\" data-upb-bg-animation=\"\" data-fadeout=\"fadeout_row_value\" data-bg-animation=\"left-animation\" data-bg-animation-type=\"h\" data-animation-repeat=\"repeat\" data-fadeout-percentage=\"60\" data-parallax-content=\"\" data-parallax-content-sense=\"30\" data-row-effect-mobile-disable=\"true\" data-img-parallax-mobile-disable=\"true\" data-rtl=\"false\"  data-custom-vc-row=\"\"  data-vc=\"5.5.5\"  data-is_old_vc=\"\"  data-theme-support=\"\"   data-overlay=\"true\" data-overlay-color=\"rgba(0,0,0,0.7)\" data-overlay-pattern=\"\" data-overlay-pattern-opacity=\"0.8\" data-overlay-pattern-size=\"\" data-overlay-pattern-attachment=\"scroll\"    ><\/div><section class=\"vc_section dt_data_bully\"><div class=\"vc_row wpb_row vc_row-fluid\"><div class=\"wpb_column vc_column_container vc_col-sm-12\"><div class=\"vc_column-inner\"><div class=\"wpb_wrapper\"><div id=\"1549813845777-014cf671-a413\" class=\"dt-sc-empty-space\"><\/div><\/div><\/div><\/div><\/div><div data-vc-full-width=\"true\" data-vc-full-width-init=\"false\" data-vc-stretch-content=\"true\" class=\"vc_row wpb_row vc_row-fluid vc_row-no-padding vc_row-o-equal-height vc_row-o-content-middle vc_row-flex\"><div class=\"dt-sc-custom-gallery-content rs_col-sm-12 wpb_column vc_column_container vc_col-sm-4 vc_col-lg-4 vc_col-md-12\"><div class=\"vc_column-inner\" style=\" text-align:center; \"><div class=\"wpb_wrapper\"><div id=\"1549813819027-4c7d6e1e-4b4e\" class=\"dt-sc-empty-space\"><\/div><div class='dt-sc-title with-image with-sub-title aligncenter'><h4>Our<\/h4><h2>Gallery<\/h2><\/div><div id=\"1523620677154-c8ecfa30-3838\" class=\"dt-sc-empty-space\"><\/div>\r\n\t<div class=\"wpb_text_column wpb_content_element\" >\r\n\t\t<div class=\"wpb_wrapper\">\r\n\t\t\t<p>La Cabane reinvents itself<\/p>\n\r\n\t\t<\/div>\r\n\t<\/div>\r\n<a href='https:\/\/lacabaneavoriaz.fr\/en\/gallery\/' target='_self' title='' class='dt-sc-button   medium   filled' > Gallery <\/a><div id=\"1523620686435-fe8f72e9-31a4\" class=\"dt-sc-empty-space\"><\/div><\/div><\/div><\/div><div class=\"rs_col-sm-12 wpb_column vc_column_container vc_col-sm-8 vc_col-lg-8 vc_col-md-12\"><div class=\"vc_column-inner\"><div class=\"wpb_wrapper\"><div class=\"dt-sc-portfolio-container no-space\"><div class=\"grid-sizer  portfolio column dt-sc-one-third\"><\/div><div id=\"dt_portfolios-14161\" class=\"type9 no-space portfolio column dt-sc-one-third first\">\t<figure>\t\t<img src=\"https:\/\/lacabaneavoriaz.fr\/wp-content\/uploads\/2018\/12\/452A8098-la-Cabane-Web-640x480.jpg\" alt=\"\" title=\"\"\/>\t\t<div class=\"image-overlay\"><div class=\"links\"><a title=\"\" data-gal=\"prettyPhoto[gallery]\" href=\"https:\/\/lacabaneavoriaz.fr\/wp-content\/uploads\/2018\/12\/452A8098-la-Cabane-Web-640x480.jpg\">\t<span class=\"pe-icon pe-plus\"> <\/span><\/a><\/div>\t\t<\/div>\t<\/figure><\/div><div id=\"dt_portfolios-14168\" class=\"type9 no-space portfolio column dt-sc-one-third\">\t<figure>\t\t<img src=\"https:\/\/lacabaneavoriaz.fr\/wp-content\/uploads\/2018\/12\/452A7670-la-Cabane-Web-640x480.jpg\" alt=\"\" title=\"\"\/>\t\t<div class=\"image-overlay\"><div class=\"links\"><a title=\"\" data-gal=\"prettyPhoto[gallery]\" href=\"https:\/\/lacabaneavoriaz.fr\/wp-content\/uploads\/2018\/12\/452A7670-la-Cabane-Web-640x480.jpg\">\t<span class=\"pe-icon pe-plus\"> <\/span><\/a><\/div>\t\t<\/div>\t<\/figure><\/div><div id=\"dt_portfolios-14166\" class=\"type9 no-space portfolio column dt-sc-one-third\">\t<figure>\t\t<img src=\"https:\/\/lacabaneavoriaz.fr\/wp-content\/uploads\/2019\/01\/452A8058-la-Cabane-Web-1-640x480.jpg\" alt=\"\" title=\"\"\/>\t\t<div class=\"image-overlay\"><div class=\"links\"><a title=\"\" data-gal=\"prettyPhoto[gallery]\" href=\"https:\/\/lacabaneavoriaz.fr\/wp-content\/uploads\/2019\/01\/452A8058-la-Cabane-Web-1-640x480.jpg\">\t<span class=\"pe-icon pe-plus\"> <\/span><\/a><\/div>\t\t<\/div>\t<\/figure><\/div><div id=\"dt_portfolios-14163\" class=\"type9 no-space portfolio column dt-sc-one-third first\">\t<figure>\t\t<img src=\"https:\/\/lacabaneavoriaz.fr\/wp-content\/uploads\/2018\/12\/452A7808-la-Cabane-Web-640x480.jpg\" alt=\"\" title=\"\"\/>\t\t<div class=\"image-overlay\"><div class=\"links\"><a title=\"\" data-gal=\"prettyPhoto[gallery]\" href=\"https:\/\/lacabaneavoriaz.fr\/wp-content\/uploads\/2018\/12\/452A7808-la-Cabane-Web-640x480.jpg\">\t<span class=\"pe-icon pe-plus\"> <\/span><\/a><\/div>\t\t<\/div>\t<\/figure><\/div><div id=\"dt_portfolios-14162\" class=\"type9 no-space portfolio column dt-sc-one-third\">\t<figure>\t\t<img src=\"https:\/\/lacabaneavoriaz.fr\/wp-content\/uploads\/2018\/12\/452A8070-la-Cabane-Web-640x480.jpg\" alt=\"\" title=\"\"\/>\t\t<div class=\"image-overlay\"><div class=\"links\"><a title=\"\" data-gal=\"prettyPhoto[gallery]\" href=\"https:\/\/lacabaneavoriaz.fr\/wp-content\/uploads\/2018\/12\/452A8070-la-Cabane-Web-640x480.jpg\">\t<span class=\"pe-icon pe-plus\"> <\/span><\/a><\/div>\t\t<\/div>\t<\/figure><\/div><div id=\"dt_portfolios-14160\" class=\"type9 no-space portfolio column dt-sc-one-third\">\t<figure>\t\t<img src=\"https:\/\/lacabaneavoriaz.fr\/wp-content\/uploads\/2019\/01\/452A8078-la-Cabane-Web-640x480.jpg\" alt=\"\" title=\"\"\/>\t\t<div class=\"image-overlay\"><div class=\"links\"><a title=\"\" data-gal=\"prettyPhoto[gallery]\" href=\"https:\/\/lacabaneavoriaz.fr\/wp-content\/uploads\/2019\/01\/452A8078-la-Cabane-Web-640x480.jpg\">\t<span class=\"pe-icon pe-plus\"> <\/span><\/a><\/div>\t\t<\/div>\t<\/figure><\/div><div id=\"dt_portfolios-14159\" class=\"type9 no-space portfolio column dt-sc-one-third first\">\t<figure>\t\t<img src=\"https:\/\/lacabaneavoriaz.fr\/wp-content\/uploads\/2018\/12\/452A7609-la-Cabane-Web-640x480.jpg\" alt=\"\" title=\"\"\/>\t\t<div class=\"image-overlay\"><div class=\"links\"><a title=\"\" data-gal=\"prettyPhoto[gallery]\" href=\"https:\/\/lacabaneavoriaz.fr\/wp-content\/uploads\/2018\/12\/452A7609-la-Cabane-Web-640x480.jpg\">\t<span class=\"pe-icon pe-plus\"> <\/span><\/a><\/div>\t\t<\/div>\t<\/figure><\/div><div id=\"dt_portfolios-14164\" class=\"type9 no-space portfolio column dt-sc-one-third\">\t<figure>\t\t<img src=\"https:\/\/lacabaneavoriaz.fr\/wp-content\/uploads\/2018\/12\/452A7692-la-Cabane-Web-640x480.jpg\" alt=\"\" title=\"\"\/>\t\t<div class=\"image-overlay\"><div class=\"links\"><a title=\"\" data-gal=\"prettyPhoto[gallery]\" href=\"https:\/\/lacabaneavoriaz.fr\/wp-content\/uploads\/2018\/12\/452A7692-la-Cabane-Web-640x480.jpg\">\t<span class=\"pe-icon pe-plus\"> <\/span><\/a><\/div>\t\t<\/div>\t<\/figure><\/div><div id=\"dt_portfolios-14154\" class=\"type9 no-space portfolio column dt-sc-one-third\">\t<figure>\t\t<img src=\"https:\/\/lacabaneavoriaz.fr\/wp-content\/uploads\/2018\/12\/452A7552-la-Cabane-Web-640x480.jpg\" alt=\"\" title=\"\"\/>\t\t<div class=\"image-overlay\"><div class=\"links\"><a title=\"\" data-gal=\"prettyPhoto[gallery]\" href=\"https:\/\/lacabaneavoriaz.fr\/wp-content\/uploads\/2018\/12\/452A7552-la-Cabane-Web-640x480.jpg\">\t<span class=\"pe-icon pe-plus\"> <\/span><\/a><\/div>\t\t<\/div>\t<\/figure><\/div><div id=\"dt_portfolios-14165\" class=\"type9 no-space portfolio column dt-sc-one-third first\">\t<figure>\t\t<img src=\"https:\/\/lacabaneavoriaz.fr\/wp-content\/uploads\/2018\/12\/452A7840-la-Cabane-Web-640x480.jpg\" alt=\"\" title=\"\"\/>\t\t<div class=\"image-overlay\"><div class=\"links\"><a title=\"\" data-gal=\"prettyPhoto[gallery]\" href=\"https:\/\/lacabaneavoriaz.fr\/wp-content\/uploads\/2018\/12\/452A7840-la-Cabane-Web-640x480.jpg\">\t<span class=\"pe-icon pe-plus\"> <\/span><\/a><\/div>\t\t<\/div>\t<\/figure><\/div><div id=\"dt_portfolios-14171\" class=\"type9 no-space portfolio column dt-sc-one-third\">\t<figure>\t\t<img src=\"https:\/\/lacabaneavoriaz.fr\/wp-content\/uploads\/2019\/01\/452A7976-la-Cabane-Web-640x480.jpg\" alt=\"\" title=\"\"\/>\t\t<div class=\"image-overlay\"><div class=\"links\"><a title=\"\" data-gal=\"prettyPhoto[gallery]\" href=\"https:\/\/lacabaneavoriaz.fr\/wp-content\/uploads\/2019\/01\/452A7976-la-Cabane-Web-640x480.jpg\">\t<span class=\"pe-icon pe-plus\"> <\/span><\/a><\/div>\t\t<\/div>\t<\/figure><\/div><div id=\"dt_portfolios-14156\" class=\"type9 no-space portfolio column dt-sc-one-third\">\t<figure>\t\t<img src=\"https:\/\/lacabaneavoriaz.fr\/wp-content\/uploads\/2018\/12\/452A7560-la-Cabane-Web-640x480.jpg\" alt=\"\" title=\"\"\/>\t\t<div class=\"image-overlay\"><div class=\"links\"><a title=\"\" data-gal=\"prettyPhoto[gallery]\" href=\"https:\/\/lacabaneavoriaz.fr\/wp-content\/uploads\/2018\/12\/452A7560-la-Cabane-Web-640x480.jpg\">\t<span class=\"pe-icon pe-plus\"> <\/span><\/a><\/div>\t\t<\/div>\t<\/figure><\/div><\/div><\/div><\/div><\/div><\/div><div class=\"vc_row-full-width vc_clearfix\"><\/div><\/section>","protected":false},"excerpt":{"rendered":"","protected":false},"author":1,"featured_media":0,"parent":0,"menu_order":0,"comment_status":"closed","ping_status":"closed","template":"","meta":{"om_disable_all_campaigns":false},"_links":{"self":[{"href":"https:\/\/lacabaneavoriaz.fr\/en\/wp-json\/wp\/v2\/pages\/14"}],"collection":[{"href":"https:\/\/lacabaneavoriaz.fr\/en\/wp-json\/wp\/v2\/pages"}],"about":[{"href":"https:\/\/lacabaneavoriaz.fr\/en\/wp-json\/wp\/v2\/types\/page"}],"author":[{"embeddable":true,"href":"https:\/\/lacabaneavoriaz.fr\/en\/wp-json\/wp\/v2\/users\/1"}],"replies":[{"embeddable":true,"href":"https:\/\/lacabaneavoriaz.fr\/en\/wp-json\/wp\/v2\/comments?post=14"}],"version-history":[{"count":85,"href":"https:\/\/lacabaneavoriaz.fr\/en\/wp-json\/wp\/v2\/pages\/14\/revisions"}],"predecessor-version":[{"id":14297,"href":"https:\/\/lacabaneavoriaz.fr\/en\/wp-json\/wp\/v2\/pages\/14\/revisions\/14297"}],"wp:attachment":[{"href":"https:\/\/lacabaneavoriaz.fr\/en\/wp-json\/wp\/v2\/media?parent=14"}],"curies":[{"name":"wp","href":"https:\/\/api.w.org\/{rel}","templated":true}]}}